{"id":350,"date":"2025-06-11T10:26:51","date_gmt":"2025-06-11T08:26:51","guid":{"rendered":"https:\/\/oxygenbars.hr\/?page_id=350"},"modified":"2025-09-25T14:38:39","modified_gmt":"2025-09-25T12:38:39","slug":"kontakt","status":"publish","type":"page","link":"https:\/\/oxygenbars.hr\/hr\/kontakt\/","title":{"rendered":"Kontakt"},"content":{"rendered":"<p>Javite nam se za upite i mogu\u0107nosti organizacije doga\u0111aja.<\/p>\n<p>Revivo DTD d.o.o.<br \/>\nVrhov\u010dev Vijenac 15<br \/>\n10000 Zagreb<\/p>\n<p><a href=\"tel:098 381 672\">+385 98 381672<\/a><br \/>\n<a href=\"mailto:info@oxygenbars.hr\">info@oxygenbars.hr<\/a><\/p>\n","protected":false},"excerpt":{"rendered":"<p>Javite nam se za upite i mogu\u0107nosti organizacije doga\u0111aja. Revivo DTD d.o.o. Vrhov\u010dev Vijenac 15 10000 Zagreb +385 98 381672 info@oxygenbars.hr<\/p>\n","protected":false},"author":1,"featured_media":132,"parent":0,"menu_order":0,"comment_status":"closed","ping_status":"closed","template":"template-contact.php","meta":{"_acf_changed":false,"footnotes":""},"class_list":["post-350","page","type-page","status-publish","has-post-thumbnail","hentry"],"acf":[],"_links":{"self":[{"href":"https:\/\/oxygenbars.hr\/hr\/wp-json\/wp\/v2\/pages\/350","targetHints":{"allow":["GET"]}}],"collection":[{"href":"https:\/\/oxygenbars.hr\/hr\/wp-json\/wp\/v2\/pages"}],"about":[{"href":"https:\/\/oxygenbars.hr\/hr\/wp-json\/wp\/v2\/types\/page"}],"author":[{"embeddable":true,"href":"https:\/\/oxygenbars.hr\/hr\/wp-json\/wp\/v2\/users\/1"}],"replies":[{"embeddable":true,"href":"https:\/\/oxygenbars.hr\/hr\/wp-json\/wp\/v2\/comments?post=350"}],"version-history":[{"count":3,"href":"https:\/\/oxygenbars.hr\/hr\/wp-json\/wp\/v2\/pages\/350\/revisions"}],"predecessor-version":[{"id":354,"href":"https:\/\/oxygenbars.hr\/hr\/wp-json\/wp\/v2\/pages\/350\/revisions\/354"}],"wp:featuredmedia":[{"embeddable":true,"href":"https:\/\/oxygenbars.hr\/hr\/wp-json\/wp\/v2\/media\/132"}],"wp:attachment":[{"href":"https:\/\/oxygenbars.hr\/hr\/wp-json\/wp\/v2\/media?parent=350"}],"curies":[{"name":"wp","href":"https:\/\/api.w.org\/{rel}","templated":true}]}}