{"id":356,"date":"2025-06-11T10:24:43","date_gmt":"2025-06-11T08:24:43","guid":{"rendered":"https:\/\/oxygenbars.hr\/?page_id=356"},"modified":"2025-09-29T12:46:26","modified_gmt":"2025-09-29T10:46:26","slug":"najam-za-dogadaje-evente","status":"publish","type":"page","link":"https:\/\/oxygenbars.hr\/hr\/najam-za-dogadaje-evente\/","title":{"rendered":"Najam za doga\u0111aje &#8211; evente"},"content":{"rendered":"<p><strong>U\u010dinite da va\u0161 doga\u0111aj o\u017eivi<\/strong><\/p>\n<p>Tra\u017eite ne\u0161to druga\u010dije da odu\u0161evite svoje goste? Unajmite Oxygen Bar.<\/p>\n<p>\u017delite li svojim gostima ponuditi ne\u0161to \u0161to nikada prije nisu do\u017eivjeli? Na\u0161i vrhunski oxygen barovi jedinstven su i nezaboravan dodatak svakom doga\u0111aju \u2014 pru\u017eaju ne samo \u010disti kisik, ve\u0107 i zabavu, interakciju i pravi &#8220;wow&#8221; efekt.<\/p>\n<p>Bilo da se radi o maloj privatnoj zabavi ili velikom festivalu, mi \u0107emo vam pomo\u0107i da stvorite iskustvo o kojem \u0107e va\u0161i gosti pri\u010dati dugo nakon \u0161to doga\u0111aj (event) zavr\u0161i.<\/p>\n<p>&nbsp;<\/p>\n","protected":false},"excerpt":{"rendered":"<p>U\u010dinite da va\u0161 doga\u0111aj o\u017eivi Tra\u017eite ne\u0161to druga\u010dije da odu\u0161evite svoje goste? Unajmite Oxygen Bar. \u017delite li svojim gostima ponuditi ne\u0161to \u0161to nikada prije nisu do\u017eivjeli? Na\u0161i vrhunski oxygen barovi jedinstven su i nezaboravan dodatak svakom doga\u0111aju \u2014 pru\u017eaju ne samo \u010disti kisik, ve\u0107 i zabavu, interakciju i pravi &#8220;wow&#8221; efekt. Bilo da se radi [&hellip;]<\/p>\n","protected":false},"author":1,"featured_media":132,"parent":0,"menu_order":0,"comment_status":"closed","ping_status":"closed","template":"template-event-rental.php","meta":{"_acf_changed":false,"footnotes":""},"class_list":["post-356","page","type-page","status-publish","has-post-thumbnail","hentry"],"acf":[],"_links":{"self":[{"href":"https:\/\/oxygenbars.hr\/hr\/wp-json\/wp\/v2\/pages\/356","targetHints":{"allow":["GET"]}}],"collection":[{"href":"https:\/\/oxygenbars.hr\/hr\/wp-json\/wp\/v2\/pages"}],"about":[{"href":"https:\/\/oxygenbars.hr\/hr\/wp-json\/wp\/v2\/types\/page"}],"author":[{"embeddable":true,"href":"https:\/\/oxygenbars.hr\/hr\/wp-json\/wp\/v2\/users\/1"}],"replies":[{"embeddable":true,"href":"https:\/\/oxygenbars.hr\/hr\/wp-json\/wp\/v2\/comments?post=356"}],"version-history":[{"count":5,"href":"https:\/\/oxygenbars.hr\/hr\/wp-json\/wp\/v2\/pages\/356\/revisions"}],"predecessor-version":[{"id":388,"href":"https:\/\/oxygenbars.hr\/hr\/wp-json\/wp\/v2\/pages\/356\/revisions\/388"}],"wp:featuredmedia":[{"embeddable":true,"href":"https:\/\/oxygenbars.hr\/hr\/wp-json\/wp\/v2\/media\/132"}],"wp:attachment":[{"href":"https:\/\/oxygenbars.hr\/hr\/wp-json\/wp\/v2\/media?parent=356"}],"curies":[{"name":"wp","href":"https:\/\/api.w.org\/{rel}","templated":true}]}}