{"id":376,"date":"2025-06-11T10:25:52","date_gmt":"2025-06-11T08:25:52","guid":{"rendered":"https:\/\/oxygenbars.hr\/?page_id=376"},"modified":"2025-09-29T12:52:04","modified_gmt":"2025-09-29T10:52:04","slug":"o-nama","status":"publish","type":"page","link":"https:\/\/oxygenbars.hr\/hr\/o-nama\/","title":{"rendered":"O nama"},"content":{"rendered":"<p>Oxygenbars je po\u010deo s jednostavnom idejom: unijeti ne\u0161to novo, zabavno i inspirirano wellnessom u svijet doga\u0111aja. Od kraja 1990-ih pomogli smo energizirati stotine doga\u0111aja diljem svijeta \u2013 \u010dine\u0107i da se ljudi smiju, lak\u0161e di\u0161u i pamte trenutak.<\/p>\n<p>Po\u010dev\u0161i od 2025. godine, ponosno smo prisutni i na hrvatskom tr\u017ei\u0161tu.<\/p>\n<p>Vjerujemo u inovativnost, kvalitetnu uslugu i iskustva o kojima se pri\u010da.<\/p>\n","protected":false},"excerpt":{"rendered":"<p>Oxygenbars je po\u010deo s jednostavnom idejom: unijeti ne\u0161to novo, zabavno i inspirirano wellnessom u svijet doga\u0111aja. Od kraja 1990-ih pomogli smo energizirati stotine doga\u0111aja diljem svijeta \u2013 \u010dine\u0107i da se ljudi smiju, lak\u0161e di\u0161u i pamte trenutak. Po\u010dev\u0161i od 2025. godine, ponosno smo prisutni i na hrvatskom tr\u017ei\u0161tu. Vjerujemo u inovativnost, kvalitetnu uslugu i iskustva [&hellip;]<\/p>\n","protected":false},"author":1,"featured_media":132,"parent":0,"menu_order":0,"comment_status":"closed","ping_status":"closed","template":"template-about.php","meta":{"_acf_changed":false,"footnotes":""},"class_list":["post-376","page","type-page","status-publish","has-post-thumbnail","hentry"],"acf":[],"_links":{"self":[{"href":"https:\/\/oxygenbars.hr\/hr\/wp-json\/wp\/v2\/pages\/376","targetHints":{"allow":["GET"]}}],"collection":[{"href":"https:\/\/oxygenbars.hr\/hr\/wp-json\/wp\/v2\/pages"}],"about":[{"href":"https:\/\/oxygenbars.hr\/hr\/wp-json\/wp\/v2\/types\/page"}],"author":[{"embeddable":true,"href":"https:\/\/oxygenbars.hr\/hr\/wp-json\/wp\/v2\/users\/1"}],"replies":[{"embeddable":true,"href":"https:\/\/oxygenbars.hr\/hr\/wp-json\/wp\/v2\/comments?post=376"}],"version-history":[{"count":5,"href":"https:\/\/oxygenbars.hr\/hr\/wp-json\/wp\/v2\/pages\/376\/revisions"}],"predecessor-version":[{"id":392,"href":"https:\/\/oxygenbars.hr\/hr\/wp-json\/wp\/v2\/pages\/376\/revisions\/392"}],"wp:featuredmedia":[{"embeddable":true,"href":"https:\/\/oxygenbars.hr\/hr\/wp-json\/wp\/v2\/media\/132"}],"wp:attachment":[{"href":"https:\/\/oxygenbars.hr\/hr\/wp-json\/wp\/v2\/media?parent=376"}],"curies":[{"name":"wp","href":"https:\/\/api.w.org\/{rel}","templated":true}]}}